{"id":121321,"date":"2024-08-22T01:16:28","date_gmt":"2024-08-22T04:16:28","guid":{"rendered":"https:\/\/www.pimentacultural.com\/livro\/boas-praticas-gestao\/"},"modified":"2024-08-22T01:16:29","modified_gmt":"2024-08-22T04:16:29","slug":"boas-praticas-gestao","status":"publish","type":"product","link":"https:\/\/www.pimentacultural.com\/en\/livro\/boas-praticas-gestao\/","title":{"rendered":"Boas Pr\u00e1ticas Pedag\u00f3gicas e Gest\u00e3o Inovadora"},"content":{"rendered":"","protected":false},"excerpt":{"rendered":"","protected":false},"featured_media":41532,"template":"","meta":[],"product_brand":[],"product_cat":[817],"product_tag":[],"class_list":{"0":"post-121321","1":"product","2":"type-product","3":"status-publish","4":"has-post-thumbnail","6":"product_cat-educacao-en","8":"first","9":"instock","10":"shipping-taxable","11":"product-type-simple"},"_links":{"self":[{"href":"https:\/\/www.pimentacultural.com\/en\/wp-json\/wp\/v2\/product\/121321","targetHints":{"allow":["GET"]}}],"collection":[{"href":"https:\/\/www.pimentacultural.com\/en\/wp-json\/wp\/v2\/product"}],"about":[{"href":"https:\/\/www.pimentacultural.com\/en\/wp-json\/wp\/v2\/types\/product"}],"version-history":[{"count":0,"href":"https:\/\/www.pimentacultural.com\/en\/wp-json\/wp\/v2\/product\/121321\/revisions"}],"wp:featuredmedia":[{"embeddable":true,"href":"https:\/\/www.pimentacultural.com\/en\/wp-json\/wp\/v2\/media\/41532"}],"wp:attachment":[{"href":"https:\/\/www.pimentacultural.com\/en\/wp-json\/wp\/v2\/media?parent=121321"}],"wp:term":[{"taxonomy":"product_brand","embeddable":true,"href":"https:\/\/www.pimentacultural.com\/en\/wp-json\/wp\/v2\/product_brand?post=121321"},{"taxonomy":"product_cat","embeddable":true,"href":"https:\/\/www.pimentacultural.com\/en\/wp-json\/wp\/v2\/product_cat?post=121321"},{"taxonomy":"product_tag","embeddable":true,"href":"https:\/\/www.pimentacultural.com\/en\/wp-json\/wp\/v2\/product_tag?post=121321"}],"curies":[{"name":"wp","href":"https:\/\/api.w.org\/{rel}","templated":true}]}}