{"id":121316,"date":"2024-10-25T15:35:15","date_gmt":"2024-10-25T18:35:15","guid":{"rendered":"https:\/\/www.pimentacultural.com\/livro\/avaliacao-cursos-capacitacao\/"},"modified":"2024-10-25T15:35:16","modified_gmt":"2024-10-25T18:35:16","slug":"avaliacao-cursos-capacitacao","status":"publish","type":"product","link":"https:\/\/www.pimentacultural.com\/en\/livro\/avaliacao-cursos-capacitacao\/","title":{"rendered":"Avalia\u00e7\u00e3o dos cursos internos de capacita\u00e7\u00e3o da UNIRIO:\nsuporte \u00e0 transfer\u00eancia de treinamento e seu impacto\nno trabalho"},"content":{"rendered":"","protected":false},"excerpt":{"rendered":"","protected":false},"featured_media":41516,"template":"","meta":[],"product_brand":[],"product_cat":[817],"product_tag":[],"class_list":{"0":"post-121316","1":"product","2":"type-product","3":"status-publish","4":"has-post-thumbnail","6":"product_cat-educacao-en","8":"first","9":"instock","10":"shipping-taxable","11":"product-type-simple"},"_links":{"self":[{"href":"https:\/\/www.pimentacultural.com\/en\/wp-json\/wp\/v2\/product\/121316","targetHints":{"allow":["GET"]}}],"collection":[{"href":"https:\/\/www.pimentacultural.com\/en\/wp-json\/wp\/v2\/product"}],"about":[{"href":"https:\/\/www.pimentacultural.com\/en\/wp-json\/wp\/v2\/types\/product"}],"version-history":[{"count":0,"href":"https:\/\/www.pimentacultural.com\/en\/wp-json\/wp\/v2\/product\/121316\/revisions"}],"wp:featuredmedia":[{"embeddable":true,"href":"https:\/\/www.pimentacultural.com\/en\/wp-json\/wp\/v2\/media\/41516"}],"wp:attachment":[{"href":"https:\/\/www.pimentacultural.com\/en\/wp-json\/wp\/v2\/media?parent=121316"}],"wp:term":[{"taxonomy":"product_brand","embeddable":true,"href":"https:\/\/www.pimentacultural.com\/en\/wp-json\/wp\/v2\/product_brand?post=121316"},{"taxonomy":"product_cat","embeddable":true,"href":"https:\/\/www.pimentacultural.com\/en\/wp-json\/wp\/v2\/product_cat?post=121316"},{"taxonomy":"product_tag","embeddable":true,"href":"https:\/\/www.pimentacultural.com\/en\/wp-json\/wp\/v2\/product_tag?post=121316"}],"curies":[{"name":"wp","href":"https:\/\/api.w.org\/{rel}","templated":true}]}}