{"id":121312,"date":"2024-10-25T15:35:16","date_gmt":"2024-10-25T18:35:16","guid":{"rendered":"https:\/\/www.pimentacultural.com\/livro\/acessibilidade-bibliotecas\/"},"modified":"2024-10-25T15:35:16","modified_gmt":"2024-10-25T18:35:16","slug":"acessibilidade-bibliotecas","status":"publish","type":"product","link":"https:\/\/www.pimentacultural.com\/en\/livro\/acessibilidade-bibliotecas\/","title":{"rendered":"Acessibilidade nas Bibliotecas da UFRJ: uma avalia\u00e7\u00e3o \u00e0 luz da viv\u00eancia dos estudantes com defici\u00eancias"},"content":{"rendered":"","protected":false},"excerpt":{"rendered":"","protected":false},"featured_media":41512,"template":"","meta":[],"product_brand":[],"product_cat":[817],"product_tag":[],"class_list":{"0":"post-121312","1":"product","2":"type-product","3":"status-publish","4":"has-post-thumbnail","6":"product_cat-educacao-en","8":"first","9":"instock","10":"shipping-taxable","11":"product-type-simple"},"_links":{"self":[{"href":"https:\/\/www.pimentacultural.com\/en\/wp-json\/wp\/v2\/product\/121312","targetHints":{"allow":["GET"]}}],"collection":[{"href":"https:\/\/www.pimentacultural.com\/en\/wp-json\/wp\/v2\/product"}],"about":[{"href":"https:\/\/www.pimentacultural.com\/en\/wp-json\/wp\/v2\/types\/product"}],"version-history":[{"count":0,"href":"https:\/\/www.pimentacultural.com\/en\/wp-json\/wp\/v2\/product\/121312\/revisions"}],"wp:featuredmedia":[{"embeddable":true,"href":"https:\/\/www.pimentacultural.com\/en\/wp-json\/wp\/v2\/media\/41512"}],"wp:attachment":[{"href":"https:\/\/www.pimentacultural.com\/en\/wp-json\/wp\/v2\/media?parent=121312"}],"wp:term":[{"taxonomy":"product_brand","embeddable":true,"href":"https:\/\/www.pimentacultural.com\/en\/wp-json\/wp\/v2\/product_brand?post=121312"},{"taxonomy":"product_cat","embeddable":true,"href":"https:\/\/www.pimentacultural.com\/en\/wp-json\/wp\/v2\/product_cat?post=121312"},{"taxonomy":"product_tag","embeddable":true,"href":"https:\/\/www.pimentacultural.com\/en\/wp-json\/wp\/v2\/product_tag?post=121312"}],"curies":[{"name":"wp","href":"https:\/\/api.w.org\/{rel}","templated":true}]}}