{"id":121309,"date":"2024-10-25T15:35:18","date_gmt":"2024-10-25T18:35:18","guid":{"rendered":"https:\/\/www.pimentacultural.com\/livro\/gestao-publica-10\/"},"modified":"2024-10-25T15:35:18","modified_gmt":"2024-10-25T18:35:18","slug":"gestao-publica-10","status":"publish","type":"product","link":"https:\/\/www.pimentacultural.com\/en\/livro\/gestao-publica-10\/","title":{"rendered":"Gest\u00e3o p\u00fablica: a vis\u00e3o dos t\u00e9cnicos administrativos em educa\u00e7\u00e3o das universidades p\u00fablicas e institutos federais: volume 10"},"content":{"rendered":"","protected":false},"excerpt":{"rendered":"","protected":false},"featured_media":41504,"template":"","meta":[],"product_brand":[],"product_cat":[828],"product_tag":[],"class_list":{"0":"post-121309","1":"product","2":"type-product","3":"status-publish","4":"has-post-thumbnail","6":"product_cat-administracao-en","8":"first","9":"instock","10":"shipping-taxable","11":"product-type-simple"},"_links":{"self":[{"href":"https:\/\/www.pimentacultural.com\/en\/wp-json\/wp\/v2\/product\/121309","targetHints":{"allow":["GET"]}}],"collection":[{"href":"https:\/\/www.pimentacultural.com\/en\/wp-json\/wp\/v2\/product"}],"about":[{"href":"https:\/\/www.pimentacultural.com\/en\/wp-json\/wp\/v2\/types\/product"}],"version-history":[{"count":0,"href":"https:\/\/www.pimentacultural.com\/en\/wp-json\/wp\/v2\/product\/121309\/revisions"}],"wp:featuredmedia":[{"embeddable":true,"href":"https:\/\/www.pimentacultural.com\/en\/wp-json\/wp\/v2\/media\/41504"}],"wp:attachment":[{"href":"https:\/\/www.pimentacultural.com\/en\/wp-json\/wp\/v2\/media?parent=121309"}],"wp:term":[{"taxonomy":"product_brand","embeddable":true,"href":"https:\/\/www.pimentacultural.com\/en\/wp-json\/wp\/v2\/product_brand?post=121309"},{"taxonomy":"product_cat","embeddable":true,"href":"https:\/\/www.pimentacultural.com\/en\/wp-json\/wp\/v2\/product_cat?post=121309"},{"taxonomy":"product_tag","embeddable":true,"href":"https:\/\/www.pimentacultural.com\/en\/wp-json\/wp\/v2\/product_tag?post=121309"}],"curies":[{"name":"wp","href":"https:\/\/api.w.org\/{rel}","templated":true}]}}