{"id":121269,"date":"2024-10-25T15:35:23","date_gmt":"2024-10-25T18:35:23","guid":{"rendered":"https:\/\/www.pimentacultural.com\/livro\/promocao-saude\/"},"modified":"2024-10-25T15:35:23","modified_gmt":"2024-10-25T18:35:23","slug":"promocao-saude","status":"publish","type":"product","link":"https:\/\/www.pimentacultural.com\/en\/livro\/promocao-saude\/","title":{"rendered":"Promo\u00e7\u00e3o da Sa\u00fade e Difus\u00e3o de Conhecimento: Ditos e Escritos das Favelades Universit\u00e1ries"},"content":{"rendered":"","protected":false},"excerpt":{"rendered":"","protected":false},"featured_media":45233,"template":"","meta":[],"product_brand":[],"product_cat":[817],"product_tag":[],"class_list":{"0":"post-121269","1":"product","2":"type-product","3":"status-publish","4":"has-post-thumbnail","6":"product_cat-educacao-en","8":"first","9":"instock","10":"shipping-taxable","11":"product-type-simple"},"_links":{"self":[{"href":"https:\/\/www.pimentacultural.com\/en\/wp-json\/wp\/v2\/product\/121269","targetHints":{"allow":["GET"]}}],"collection":[{"href":"https:\/\/www.pimentacultural.com\/en\/wp-json\/wp\/v2\/product"}],"about":[{"href":"https:\/\/www.pimentacultural.com\/en\/wp-json\/wp\/v2\/types\/product"}],"version-history":[{"count":0,"href":"https:\/\/www.pimentacultural.com\/en\/wp-json\/wp\/v2\/product\/121269\/revisions"}],"wp:featuredmedia":[{"embeddable":true,"href":"https:\/\/www.pimentacultural.com\/en\/wp-json\/wp\/v2\/media\/45233"}],"wp:attachment":[{"href":"https:\/\/www.pimentacultural.com\/en\/wp-json\/wp\/v2\/media?parent=121269"}],"wp:term":[{"taxonomy":"product_brand","embeddable":true,"href":"https:\/\/www.pimentacultural.com\/en\/wp-json\/wp\/v2\/product_brand?post=121269"},{"taxonomy":"product_cat","embeddable":true,"href":"https:\/\/www.pimentacultural.com\/en\/wp-json\/wp\/v2\/product_cat?post=121269"},{"taxonomy":"product_tag","embeddable":true,"href":"https:\/\/www.pimentacultural.com\/en\/wp-json\/wp\/v2\/product_tag?post=121269"}],"curies":[{"name":"wp","href":"https:\/\/api.w.org\/{rel}","templated":true}]}}