{"id":121265,"date":"2024-12-12T11:00:30","date_gmt":"2024-12-12T14:00:30","guid":{"rendered":"https:\/\/www.pimentacultural.com\/?post_type=product&#038;p=121265"},"modified":"2024-12-12T11:00:30","modified_gmt":"2024-12-12T14:00:30","slug":"atos-curriculo","status":"publish","type":"product","link":"https:\/\/www.pimentacultural.com\/en\/livro\/atos-curriculo\/","title":{"rendered":"Atos de Curr\u00edculo e Experi\u00eancias Exitosas na Educa\u00e7\u00e3o B\u00e1sica: narrativas docentes no contexto do Mestrado Profissional em Astronomia da UEFS"},"content":{"rendered":"","protected":false},"excerpt":{"rendered":"","protected":false},"featured_media":41669,"template":"","meta":[],"product_brand":[],"product_cat":[815],"product_tag":[],"class_list":{"0":"post-121265","1":"product","2":"type-product","3":"status-publish","4":"has-post-thumbnail","6":"product_cat-astronomia-en","8":"first","9":"instock","10":"shipping-taxable","11":"product-type-simple"},"_links":{"self":[{"href":"https:\/\/www.pimentacultural.com\/en\/wp-json\/wp\/v2\/product\/121265","targetHints":{"allow":["GET"]}}],"collection":[{"href":"https:\/\/www.pimentacultural.com\/en\/wp-json\/wp\/v2\/product"}],"about":[{"href":"https:\/\/www.pimentacultural.com\/en\/wp-json\/wp\/v2\/types\/product"}],"version-history":[{"count":0,"href":"https:\/\/www.pimentacultural.com\/en\/wp-json\/wp\/v2\/product\/121265\/revisions"}],"wp:featuredmedia":[{"embeddable":true,"href":"https:\/\/www.pimentacultural.com\/en\/wp-json\/wp\/v2\/media\/41669"}],"wp:attachment":[{"href":"https:\/\/www.pimentacultural.com\/en\/wp-json\/wp\/v2\/media?parent=121265"}],"wp:term":[{"taxonomy":"product_brand","embeddable":true,"href":"https:\/\/www.pimentacultural.com\/en\/wp-json\/wp\/v2\/product_brand?post=121265"},{"taxonomy":"product_cat","embeddable":true,"href":"https:\/\/www.pimentacultural.com\/en\/wp-json\/wp\/v2\/product_cat?post=121265"},{"taxonomy":"product_tag","embeddable":true,"href":"https:\/\/www.pimentacultural.com\/en\/wp-json\/wp\/v2\/product_tag?post=121265"}],"curies":[{"name":"wp","href":"https:\/\/api.w.org\/{rel}","templated":true}]}}