{"id":121264,"date":"2024-08-22T01:15:08","date_gmt":"2024-08-22T04:15:08","guid":{"rendered":"https:\/\/www.pimentacultural.com\/?post_type=product&#038;p=121264"},"modified":"2024-08-22T01:15:08","modified_gmt":"2024-08-22T04:15:08","slug":"diversidades-atualidades","status":"publish","type":"product","link":"https:\/\/www.pimentacultural.com\/en\/livro\/diversidades-atualidades\/","title":{"rendered":"Diversidades e atualidades: a\u00e7\u00f5es e reflex\u00f5es para as ruralidades &#8211; Colet\u00e2nea de trabalhos apresentados no 4\u00ba Col\u00f3quio do PPGExR\/UFSM"},"content":{"rendered":"","protected":false},"excerpt":{"rendered":"","protected":false},"featured_media":41747,"template":"","meta":[],"product_brand":[],"product_cat":[814],"product_tag":[],"class_list":{"0":"post-121264","1":"product","2":"type-product","3":"status-publish","4":"has-post-thumbnail","6":"product_cat-geociencias-en","8":"first","9":"instock","10":"shipping-taxable","11":"product-type-simple"},"_links":{"self":[{"href":"https:\/\/www.pimentacultural.com\/en\/wp-json\/wp\/v2\/product\/121264","targetHints":{"allow":["GET"]}}],"collection":[{"href":"https:\/\/www.pimentacultural.com\/en\/wp-json\/wp\/v2\/product"}],"about":[{"href":"https:\/\/www.pimentacultural.com\/en\/wp-json\/wp\/v2\/types\/product"}],"version-history":[{"count":0,"href":"https:\/\/www.pimentacultural.com\/en\/wp-json\/wp\/v2\/product\/121264\/revisions"}],"wp:featuredmedia":[{"embeddable":true,"href":"https:\/\/www.pimentacultural.com\/en\/wp-json\/wp\/v2\/media\/41747"}],"wp:attachment":[{"href":"https:\/\/www.pimentacultural.com\/en\/wp-json\/wp\/v2\/media?parent=121264"}],"wp:term":[{"taxonomy":"product_brand","embeddable":true,"href":"https:\/\/www.pimentacultural.com\/en\/wp-json\/wp\/v2\/product_brand?post=121264"},{"taxonomy":"product_cat","embeddable":true,"href":"https:\/\/www.pimentacultural.com\/en\/wp-json\/wp\/v2\/product_cat?post=121264"},{"taxonomy":"product_tag","embeddable":true,"href":"https:\/\/www.pimentacultural.com\/en\/wp-json\/wp\/v2\/product_tag?post=121264"}],"curies":[{"name":"wp","href":"https:\/\/api.w.org\/{rel}","templated":true}]}}